{"id":5151,"date":"2022-05-17T19:50:22","date_gmt":"2022-05-17T19:50:22","guid":{"rendered":"https:\/\/ilyasarslanhair.com\/dhi-ve-fue-sapphire-karsilastirmasi\/"},"modified":"2022-07-26T05:14:34","modified_gmt":"2022-07-26T05:14:34","slug":"dhi-ve-fue-sapphire-karsilastirmasi","status":"publish","type":"page","link":"https:\/\/ilyasarslanhair.com\/tr\/dhi-ve-fue-sapphire-karsilastirmasi\/","title":{"rendered":"DHI ve FUE Sapphire Kar\u015f\u0131la\u015ft\u0131rmas\u0131"},"content":{"rendered":"<div class=\"fusion-fullwidth fullwidth-box fusion-builder-row-1 fusion-flex-container nonhundred-percent-fullwidth non-hundred-percent-height-scrolling\" style=\"background-color: rgba(255,255,255,0);background-image:linear-gradient(180deg, var(--awb-color4) 0%,var(--awb-color1) 30%);background-position: center center;background-repeat: no-repeat;border-width: 0px 0px 0px 0px;border-color:var(--awb-color3);border-style:solid;\" ><div class=\"fusion-builder-row fusion-row fusion-flex-align-items-flex-start fusion-flex-justify-content-center\" style=\"max-width:1310.4px;margin-left: calc(-4% \/ 2 );margin-right: calc(-4% \/ 2 );\"><div class=\"fusion-layout-column fusion_builder_column fusion-builder-column-0 fusion_builder_column_4_5 4_5 fusion-flex-column\"><div class=\"fusion-column-wrapper fusion-flex-justify-content-flex-start fusion-content-layout-column\" style=\"background-position:left top;background-repeat:no-repeat;-webkit-background-size:cover;-moz-background-size:cover;-o-background-size:cover;background-size:cover;padding: 0px 0px 0px 0px;\"><div class=\"fusion-text fusion-text-1 fusion-text-no-margin\" style=\"text-align:center;font-size:var(--awb-typography2-font-size);line-height:var(--awb-typography2-line-height);letter-spacing:var(--awb-typography2-letter-spacing);text-transform:var(--awb-typography2-text-transform);color:var(--awb-color7);font-family:var(--awb-typography2-font-family);font-weight:var(--awb-typography2);margin-bottom:10px;\"><p>DHI vs FUE Sapphire<\/p>\n<\/div><div class=\"fusion-separator\" style=\"align-self: center;margin-left: auto;margin-right: auto;margin-top:0px;margin-bottom:0px;width:100%;max-width:150px;\"><div class=\"fusion-separator-border sep-single sep-solid\" style=\"border-color:var(--awb-color7);border-top-width:1px;\"><\/div><\/div><style type=\"text\/css\">@media only screen and (max-width:1200px) {.fusion-title.fusion-title-1{margin-top:10px!important; margin-right:0px!important;margin-bottom:30px!important;margin-left:0px!important;}}@media only screen and (max-width:640px) {.fusion-title.fusion-title-1{margin-top:10px!important; margin-right:0px!important;margin-bottom:30px!important; margin-left:0px!important;}}<\/style><div class=\"fusion-title title fusion-title-1 fusion-sep-none fusion-title-center fusion-title-text fusion-title-size-one\" style=\"font-size:40px;margin-top:10px;margin-right:0px;margin-bottom:30px;margin-left:0px;\"><h1 class=\"title-heading-center fusion-responsive-typography-calculated\" style=\"margin:0;font-size:1em;letter-spacing:-1px;--fontSize:40;line-height:0.45;\">KAR\u015eILA\u015eTIRMA<\/h1><\/div><\/div><style type=\"text\/css\">.fusion-body .fusion-builder-column-0{width:80% !important;margin-top : 20px;margin-bottom : 20px;}.fusion-builder-column-0 > .fusion-column-wrapper {padding-top : 0px !important;padding-right : 0px !important;margin-right : 2.4%;padding-bottom : 0px !important;padding-left : 0px !important;margin-left : 2.4%;}@media only screen and (max-width:1200px) {.fusion-body .fusion-builder-column-0{width:80% !important;order : 0;margin-bottom : 70px;}.fusion-builder-column-0 > .fusion-column-wrapper {margin-right : 2.4%;margin-left : 2.4%;}}@media only screen and (max-width:640px) {.fusion-body .fusion-builder-column-0{width:100% !important;order : 0;margin-bottom : 40px;}.fusion-builder-column-0 > .fusion-column-wrapper {margin-right : 1.92%;margin-left : 1.92%;}}<\/style><\/div><div class=\"fusion-layout-column fusion_builder_column fusion-builder-column-1 fusion_builder_column_1_1 1_1 fusion-flex-column\"><div class=\"fusion-column-wrapper fusion-flex-justify-content-flex-start fusion-content-layout-column\" style=\"background-position:left top;background-repeat:no-repeat;-webkit-background-size:cover;-moz-background-size:cover;-o-background-size:cover;background-size:cover;padding: 0px 0px 0px 0px;\">\n<div class=\"table-1\">\n<table width=\"100%\">\n<thead>\n<tr>\n<th align=\"left\">DHI Sa\u00e7 Ekimi<\/th>\n<th align=\"left\">FUE Safir Sa\u00e7 Ekimi<\/th>\n<\/tr>\n<\/thead>\n<tbody>\n<tr>\n<td align=\"left\"><span style=\"font-weight: 400;\">S\u00fcre\u00e7 iki a\u015famada tamamlan\u0131r<\/span><\/td>\n<td align=\"left\"><span style=\"font-weight: 400;\">S\u00fcre\u00e7 iki a\u015famada tamamlan\u0131r<\/span><\/td>\n<\/tr>\n<tr>\n<td align=\"left\"><span style=\"font-weight: 400;\">Kanal\u0131 a\u00e7maya gerek yok<\/span><\/td>\n<td align=\"left\"><span style=\"font-weight: 400;\">\u0130\u015flem kanal a\u00e7\u0131larak yap\u0131l\u0131r<\/span><\/p>\n<p><span style=\"font-weight: 400;\">Sa\u00e7s\u0131z b\u00f6lgeye ve sa\u00e7s\u0131z b\u00f6lgeye nakil imkan\u0131 sa\u011flar &#8211; Sa\u00e7s\u0131z b\u00f6lgeye nakil yap\u0131labilir Sa\u00e7s\u0131z b\u00f6lgeye nakil yap\u0131lamaz<\/span><\/td>\n<\/tr>\n<tr>\n<td align=\"left\"><span style=\"font-weight: 400;\">5000+ greft ekilebilir<\/span><\/td>\n<td align=\"left\"><span style=\"font-weight: 400;\">6000+ greft ekilebilir<\/span><\/td>\n<\/tr>\n<tr>\n<td align=\"left\"><span style=\"font-weight: 400;\">Dikilen alan\u0131n iyile\u015fme s\u00fcresi sekiz g\u00fcnd\u00fcr<\/span><\/td>\n<td align=\"left\"><span style=\"font-weight: 400;\">Dikilen alan\u0131n iyile\u015fme s\u00fcresi on g\u00fcnd\u00fcr<\/span><\/td>\n<\/tr>\n<tr>\n<td align=\"left\"><span style=\"font-weight: 400;\">Don\u00f6r b\u00f6lgenin iyile\u015fme s\u00fcresi be\u015f g\u00fcnd\u00fcr<\/span><\/td>\n<td align=\"left\"><span style=\"font-weight: 400;\">Don\u00f6r b\u00f6lgenin iyile\u015fme s\u00fcresi be\u015f g\u00fcnd\u00fcr<\/span><\/td>\n<\/tr>\n<tr>\n<td align=\"left\"><span style=\"font-weight: 400;\">Transplantasyon hastan\u0131n tercihine g\u00f6re t\u0131ra\u015fs\u0131z da yap\u0131labilir<\/span><\/td>\n<td align=\"left\"><span style=\"font-weight: 400;\">T\u0131ra\u015fs\u0131z transplantasyon yap\u0131lamaz<\/span><\/td>\n<\/tr>\n<tr>\n<td align=\"left\"><span style=\"font-weight: 400;\">Not: Don\u00f6r b\u00f6lgesi her zaman t\u0131ra\u015f edilir<\/span><\/td>\n<td align=\"left\"><span style=\"font-weight: 400;\">Not: Don\u00f6r b\u00f6lgesi her zaman t\u0131ra\u015f edilir<\/span><\/td>\n<\/tr>\n<tr>\n<td align=\"left\"><span style=\"font-weight: 400;\">S\u00fcre\u00e7 6-8 saat s\u00fcrer<\/span><\/td>\n<td align=\"left\"><span style=\"font-weight: 400;\">S\u00fcre\u00e7 5-7 saat s\u00fcrer<\/span><\/td>\n<\/tr>\n<tr>\n<td align=\"left\"><span style=\"font-weight: 400;\">\u0130\u015flemin ard\u0131ndan ikinci g\u00fcn i\u015f hayat\u0131na geri d\u00f6n\u00fclebilir<\/span><\/td>\n<td align=\"left\"><span style=\"font-weight: 400;\">\u0130\u015flemin ard\u0131ndan ikinci g\u00fcn i\u015f hayat\u0131na geri d\u00f6n\u00fclebilir<\/span><\/td>\n<\/tr>\n<tr>\n<td align=\"left\"><span style=\"font-weight: 400;\">Ekilen k\u00f6klerin tutma oran\u0131 %90-95&#8217;tir<\/span><\/td>\n<td align=\"left\"><span style=\"font-weight: 400;\">Ekilen k\u00f6klerin tutma oran\u0131 %85-90&#8217;d\u0131r<\/span><\/td>\n<\/tr>\n<\/tbody>\n<\/table>\n<\/div>\n<\/div><style type=\"text\/css\">.fusion-body .fusion-builder-column-1{width:100% !important;margin-top : 20px;margin-bottom : 70px;}.fusion-builder-column-1 > .fusion-column-wrapper {padding-top : 0px !important;padding-right : 0px !important;margin-right : 1.92%;padding-bottom : 0px !important;padding-left : 0px !important;margin-left : 1.92%;}@media only screen and (max-width:1200px) {.fusion-body .fusion-builder-column-1{width:100% !important;order : 0;}.fusion-builder-column-1 > .fusion-column-wrapper {margin-right : 1.92%;margin-left : 1.92%;}}@media only screen and (max-width:640px) {.fusion-body .fusion-builder-column-1{width:100% !important;order : 1;margin-bottom : 0px;}.fusion-builder-column-1 > .fusion-column-wrapper {margin-right : 1.92%;margin-left : 1.92%;}}<\/style><\/div><\/div><style type=\"text\/css\">.fusion-body .fusion-flex-container.fusion-builder-row-1{ padding-top : 30px;margin-top : 0px;padding-right : 0px;padding-bottom : 0px;margin-bottom : 0px;padding-left : 0px;}@media only screen and (max-width:640px) {.fusion-body .fusion-flex-container.fusion-builder-row-1{ padding-top : 30px;}}<\/style><\/div>\n","protected":false},"excerpt":{"rendered":"","protected":false},"author":1,"featured_media":0,"parent":0,"menu_order":0,"comment_status":"closed","ping_status":"closed","template":"100-width.php","meta":{"footnotes":""},"class_list":["post-5151","page","type-page","status-publish","hentry"],"_links":{"self":[{"href":"https:\/\/ilyasarslanhair.com\/tr\/wp-json\/wp\/v2\/pages\/5151","targetHints":{"allow":["GET"]}}],"collection":[{"href":"https:\/\/ilyasarslanhair.com\/tr\/wp-json\/wp\/v2\/pages"}],"about":[{"href":"https:\/\/ilyasarslanhair.com\/tr\/wp-json\/wp\/v2\/types\/page"}],"author":[{"embeddable":true,"href":"https:\/\/ilyasarslanhair.com\/tr\/wp-json\/wp\/v2\/users\/1"}],"replies":[{"embeddable":true,"href":"https:\/\/ilyasarslanhair.com\/tr\/wp-json\/wp\/v2\/comments?post=5151"}],"version-history":[{"count":5,"href":"https:\/\/ilyasarslanhair.com\/tr\/wp-json\/wp\/v2\/pages\/5151\/revisions"}],"predecessor-version":[{"id":5259,"href":"https:\/\/ilyasarslanhair.com\/tr\/wp-json\/wp\/v2\/pages\/5151\/revisions\/5259"}],"wp:attachment":[{"href":"https:\/\/ilyasarslanhair.com\/tr\/wp-json\/wp\/v2\/media?parent=5151"}],"curies":[{"name":"wp","href":"https:\/\/api.w.org\/{rel}","templated":true}]}}