{"id":5236,"date":"2022-05-17T19:50:22","date_gmt":"2022-05-17T19:50:22","guid":{"rendered":"https:\/\/ilyasarslanhair.com\/comparaison-dhi-vs-fue-sapphire\/"},"modified":"2022-07-26T05:14:35","modified_gmt":"2022-07-26T05:14:35","slug":"comparaison-dhi-vs-fue-sapphire","status":"publish","type":"page","link":"https:\/\/ilyasarslanhair.com\/fr\/comparaison-dhi-vs-fue-sapphire\/","title":{"rendered":"Comparaison DHI vs FUE Sapphire"},"content":{"rendered":"<div class=\"fusion-fullwidth fullwidth-box fusion-builder-row-1 fusion-flex-container nonhundred-percent-fullwidth non-hundred-percent-height-scrolling\" style=\"background-color: rgba(255,255,255,0);background-image:linear-gradient(180deg, var(--awb-color4) 0%,var(--awb-color1) 30%);background-position: center center;background-repeat: no-repeat;border-width: 0px 0px 0px 0px;border-color:var(--awb-color3);border-style:solid;\" ><div class=\"fusion-builder-row fusion-row fusion-flex-align-items-flex-start fusion-flex-justify-content-center\" style=\"max-width:1310.4px;margin-left: calc(-4% \/ 2 );margin-right: calc(-4% \/ 2 );\"><div class=\"fusion-layout-column fusion_builder_column fusion-builder-column-0 fusion_builder_column_4_5 4_5 fusion-flex-column\"><div class=\"fusion-column-wrapper fusion-flex-justify-content-flex-start fusion-content-layout-column\" style=\"background-position:left top;background-repeat:no-repeat;-webkit-background-size:cover;-moz-background-size:cover;-o-background-size:cover;background-size:cover;padding: 0px 0px 0px 0px;\"><div class=\"fusion-text fusion-text-1 fusion-text-no-margin\" style=\"text-align:center;font-size:var(--awb-typography2-font-size);line-height:var(--awb-typography2-line-height);letter-spacing:var(--awb-typography2-letter-spacing);text-transform:var(--awb-typography2-text-transform);color:var(--awb-color7);font-family:var(--awb-typography2-font-family);font-weight:var(--awb-typography2-font-weight);font-style:var(--awb-typography2-font-style);margin-bottom:10px;\"><p>DHI vs FUE Sapphire<\/p>\n<\/div><div class=\"fusion-separator\" style=\"align-self: center;margin-left: auto;margin-right: auto;margin-top:0px;margin-bottom:0px;width:100%;max-width:150px;\"><div class=\"fusion-separator-border sep-single sep-solid\" style=\"border-color:var(--awb-color7);border-top-width:1px;\"><\/div><\/div><style type=\"text\/css\">@media only screen and (max-width:1200px) {.fusion-title.fusion-title-1{margin-top:10px!important; margin-right:0px!important;margin-bottom:30px!important;margin-left:0px!important;}}@media only screen and (max-width:640px) {.fusion-title.fusion-title-1{margin-top:10px!important; margin-right:0px!important;margin-bottom:30px!important; margin-left:0px!important;}}<\/style><div class=\"fusion-title title fusion-title-1 fusion-sep-none fusion-title-center fusion-title-text fusion-title-size-one\" style=\"font-size:40px;margin-top:10px;margin-right:0px;margin-bottom:30px;margin-left:0px;\"><h1 class=\"title-heading-center fusion-responsive-typography-calculated\" style=\"margin:0;font-size:1em;letter-spacing:-1px;--fontSize:40;line-height:var(--awb-typography1-line-height);\">COMPARAISON<\/h1><\/div><\/div><style type=\"text\/css\">.fusion-body .fusion-builder-column-0{width:80% !important;margin-top : 20px;margin-bottom : 20px;}.fusion-builder-column-0 > .fusion-column-wrapper {padding-top : 0px !important;padding-right : 0px !important;margin-right : 2.4%;padding-bottom : 0px !important;padding-left : 0px !important;margin-left : 2.4%;}@media only screen and (max-width:1200px) {.fusion-body .fusion-builder-column-0{width:80% !important;order : 0;margin-bottom : 70px;}.fusion-builder-column-0 > .fusion-column-wrapper {margin-right : 2.4%;margin-left : 2.4%;}}@media only screen and (max-width:640px) {.fusion-body .fusion-builder-column-0{width:100% !important;order : 0;margin-bottom : 40px;}.fusion-builder-column-0 > .fusion-column-wrapper {margin-right : 1.92%;margin-left : 1.92%;}}<\/style><\/div><div class=\"fusion-layout-column fusion_builder_column fusion-builder-column-1 fusion_builder_column_1_1 1_1 fusion-flex-column\"><div class=\"fusion-column-wrapper fusion-flex-justify-content-flex-start fusion-content-layout-column\" style=\"background-position:left top;background-repeat:no-repeat;-webkit-background-size:cover;-moz-background-size:cover;-o-background-size:cover;background-size:cover;padding: 0px 0px 0px 0px;\">\n<div class=\"table-1\">\n<table width=\"100%\">\n<thead>\n<tr>\n<th align=\"left\">La greffe de cheveux DHI<\/th>\n<th align=\"left\">Transplantation capillaire FUE Sapphire<\/th>\n<\/tr>\n<\/thead>\n<tbody>\n<tr>\n<td align=\"left\"><span style=\"font-weight: 400;\">Le processus se d\u00e9roule en deux \u00e9tapes<\/span><\/td>\n<td align=\"left\"><span style=\"font-weight: 400;\">Le processus se d\u00e9roule en deux \u00e9tapes<\/span><\/td>\n<\/tr>\n<tr>\n<td align=\"left\"><span style=\"font-weight: 400;\">Pas besoin d&rsquo;ouvrir le canal<\/span><\/td>\n<td align=\"left\"><span style=\"font-weight: 400;\">L&rsquo;op\u00e9ration se fait en ouvrant le canal<\/span><\/p>\n<p><span style=\"font-weight: 400;\">Permet de transplanter dans la zone chauve et dans la zone glabre &#8211; La transplantation peut \u00eatre effectu\u00e9e dans la zone chauve La transplantation ne peut pas \u00eatre effectu\u00e9e dans la zone glabre.<\/span><\/td>\n<\/tr>\n<tr>\n<td align=\"left\"><span style=\"font-weight: 400;\">Possibilit\u00e9 de planter plus de 5000 greffons<\/span><\/td>\n<td align=\"left\"><span style=\"font-weight: 400;\">Plus de 6000 greffons peuvent \u00eatre plant\u00e9s<\/span><\/td>\n<\/tr>\n<tr>\n<td align=\"left\"><span style=\"font-weight: 400;\">La p\u00e9riode de r\u00e9cup\u00e9ration de la zone plant\u00e9e est de huit jours.<\/span><\/td>\n<td align=\"left\"><span style=\"font-weight: 400;\">La p\u00e9riode de r\u00e9cup\u00e9ration de la zone plant\u00e9e est de dix jours.<\/span><\/td>\n<\/tr>\n<tr>\n<td align=\"left\"><span style=\"font-weight: 400;\">La p\u00e9riode de r\u00e9cup\u00e9ration de la zone donneuse est de cinq jours.<\/span><\/td>\n<td align=\"left\"><span style=\"font-weight: 400;\">La p\u00e9riode de r\u00e9cup\u00e9ration de la zone donneuse est de cinq jours.<\/span><\/td>\n<\/tr>\n<tr>\n<td align=\"left\"><span style=\"font-weight: 400;\">La transplantation peut \u00eatre effectu\u00e9e sans rasage, selon la pr\u00e9f\u00e9rence du patient.<\/span><\/td>\n<td align=\"left\"><span style=\"font-weight: 400;\">Il est impossible de proc\u00e9der \u00e0 une transplantation non ras\u00e9e<\/span><\/td>\n<\/tr>\n<tr>\n<td align=\"left\"><span style=\"font-weight: 400;\">Note : La zone donneuse est toujours ras\u00e9e.<\/span><\/td>\n<td align=\"left\"><span style=\"font-weight: 400;\">Note : La zone donneuse est toujours ras\u00e9e.<\/span><\/td>\n<\/tr>\n<tr>\n<td align=\"left\"><span style=\"font-weight: 400;\">Le processus prend 6 \u00e0 8 heures<\/span><\/td>\n<td align=\"left\"><span style=\"font-weight: 400;\">Le processus prend 5 \u00e0 7 heures<\/span><\/td>\n<\/tr>\n<tr>\n<td align=\"left\"><span style=\"font-weight: 400;\">Apr\u00e8s la transaction, le deuxi\u00e8me jour peut \u00eatre consacr\u00e9 \u00e0 la vie professionnelle.<\/span><\/td>\n<td align=\"left\"><span style=\"font-weight: 400;\">Apr\u00e8s la transaction, le deuxi\u00e8me jour peut \u00eatre consacr\u00e9 \u00e0 la vie professionnelle.<\/span><\/td>\n<\/tr>\n<tr>\n<td align=\"left\"><span style=\"font-weight: 400;\">La r\u00e9tention des racines plant\u00e9es est de 90 \u00e0 95 %.<\/span><\/td>\n<td align=\"left\"><span style=\"font-weight: 400;\">La r\u00e9tention des racines plant\u00e9es est de 85-90%.<\/span><\/td>\n<\/tr>\n<\/tbody>\n<\/table>\n<\/div>\n<\/div><style type=\"text\/css\">.fusion-body .fusion-builder-column-1{width:100% !important;margin-top : 20px;margin-bottom : 70px;}.fusion-builder-column-1 > .fusion-column-wrapper {padding-top : 0px !important;padding-right : 0px !important;margin-right : 1.92%;padding-bottom : 0px !important;padding-left : 0px !important;margin-left : 1.92%;}@media only screen and (max-width:1200px) {.fusion-body .fusion-builder-column-1{width:100% !important;order : 0;}.fusion-builder-column-1 > .fusion-column-wrapper {margin-right : 1.92%;margin-left : 1.92%;}}@media only screen and (max-width:640px) {.fusion-body .fusion-builder-column-1{width:100% !important;order : 1;margin-bottom : 0px;}.fusion-builder-column-1 > .fusion-column-wrapper {margin-right : 1.92%;margin-left : 1.92%;}}<\/style><\/div><\/div><style type=\"text\/css\">.fusion-body .fusion-flex-container.fusion-builder-row-1{ padding-top : 30px;margin-top : 0px;padding-right : 0px;padding-bottom : 0px;margin-bottom : 0px;padding-left : 0px;}@media only screen and (max-width:640px) {.fusion-body .fusion-flex-container.fusion-builder-row-1{ padding-top : 30px;}}<\/style><\/div>\n","protected":false},"excerpt":{"rendered":"","protected":false},"author":1,"featured_media":0,"parent":0,"menu_order":0,"comment_status":"closed","ping_status":"closed","template":"100-width.php","meta":{"footnotes":""},"class_list":["post-5236","page","type-page","status-publish","hentry"],"_links":{"self":[{"href":"https:\/\/ilyasarslanhair.com\/fr\/wp-json\/wp\/v2\/pages\/5236","targetHints":{"allow":["GET"]}}],"collection":[{"href":"https:\/\/ilyasarslanhair.com\/fr\/wp-json\/wp\/v2\/pages"}],"about":[{"href":"https:\/\/ilyasarslanhair.com\/fr\/wp-json\/wp\/v2\/types\/page"}],"author":[{"embeddable":true,"href":"https:\/\/ilyasarslanhair.com\/fr\/wp-json\/wp\/v2\/users\/1"}],"replies":[{"embeddable":true,"href":"https:\/\/ilyasarslanhair.com\/fr\/wp-json\/wp\/v2\/comments?post=5236"}],"version-history":[{"count":2,"href":"https:\/\/ilyasarslanhair.com\/fr\/wp-json\/wp\/v2\/pages\/5236\/revisions"}],"predecessor-version":[{"id":5273,"href":"https:\/\/ilyasarslanhair.com\/fr\/wp-json\/wp\/v2\/pages\/5236\/revisions\/5273"}],"wp:attachment":[{"href":"https:\/\/ilyasarslanhair.com\/fr\/wp-json\/wp\/v2\/media?parent=5236"}],"curies":[{"name":"wp","href":"https:\/\/api.w.org\/{rel}","templated":true}]}}